{"id":3380,"date":"2024-11-11T15:24:56","date_gmt":"2024-11-11T14:24:56","guid":{"rendered":"https:\/\/bmcargomex.com\/?page_id=3380"},"modified":"2024-11-11T15:27:31","modified_gmt":"2024-11-11T14:27:31","slug":"contact-3","status":"publish","type":"page","link":"https:\/\/bmcargomex.com\/?page_id=3380","title":{"rendered":"Ubicaciones"},"content":{"rendered":"\t\t<div data-elementor-type=\"wp-page\" data-elementor-id=\"3380\" class=\"elementor elementor-3380\">\n\t\t\t\t\t\t<section class=\"elementor-section elementor-top-section elementor-element elementor-element-ea3486a elementor-section-boxed elementor-section-height-default elementor-section-height-default\" data-id=\"ea3486a\" data-element_type=\"section\" data-e-type=\"section\">\n\t\t\t\t\t\t<div class=\"elementor-container elementor-column-gap-default\">\n\t\t\t\t\t<div class=\"elementor-column elementor-col-33 elementor-top-column elementor-element elementor-element-1b4b8cb\" data-id=\"1b4b8cb\" data-element_type=\"column\" data-e-type=\"column\">\n\t\t\t<div class=\"elementor-widget-wrap elementor-element-populated\">\n\t\t\t\t\t\t<section class=\"elementor-section elementor-inner-section elementor-element elementor-element-34a0d41 elementor-section-full_width elementor-section-height-default elementor-section-height-default\" data-id=\"34a0d41\" data-element_type=\"section\" data-e-type=\"section\" data-settings=\"{&quot;background_background&quot;:&quot;classic&quot;}\">\n\t\t\t\t\t\t<div class=\"elementor-container elementor-column-gap-default\">\n\t\t\t\t\t<div class=\"elementor-column elementor-col-100 elementor-inner-column elementor-element elementor-element-a97b516\" data-id=\"a97b516\" data-element_type=\"column\" data-e-type=\"column\">\n\t\t\t<div class=\"elementor-widget-wrap elementor-element-populated\">\n\t\t\t\t\t\t<div class=\"elementor-element elementor-element-60dd7b6 elementor-view-framed elementor-position-inline-start elementor-shape-circle elementor-mobile-position-block-start elementor-widget elementor-widget-icon-box\" data-id=\"60dd7b6\" data-element_type=\"widget\" data-e-type=\"widget\" data-widget_type=\"icon-box.default\">\n\t\t\t\t<div class=\"elementor-widget-container\">\n\t\t\t\t\t\t\t<div class=\"elementor-icon-box-wrapper\">\n\n\t\t\t\t\t\t<div class=\"elementor-icon-box-icon\">\n\t\t\t\t<span  class=\"elementor-icon\">\n\t\t\t\t<svg aria-hidden=\"true\" class=\"e-font-icon-svg e-far-envelope\" viewBox=\"0 0 512 512\" xmlns=\"http:\/\/www.w3.org\/2000\/svg\"><path d=\"M464 64H48C21.49 64 0 85.49 0 112v288c0 26.51 21.49 48 48 48h416c26.51 0 48-21.49 48-48V112c0-26.51-21.49-48-48-48zm0 48v40.805c-22.422 18.259-58.168 46.651-134.587 106.49-16.841 13.247-50.201 45.072-73.413 44.701-23.208.375-56.579-31.459-73.413-44.701C106.18 199.465 70.425 171.067 48 152.805V112h416zM48 400V214.398c22.914 18.251 55.409 43.862 104.938 82.646 21.857 17.205 60.134 55.186 103.062 54.955 42.717.231 80.509-37.199 103.053-54.947 49.528-38.783 82.032-64.401 104.947-82.653V400H48z\"><\/path><\/svg>\t\t\t\t<\/span>\n\t\t\t<\/div>\n\t\t\t\n\t\t\t\t\t\t<div class=\"elementor-icon-box-content\">\n\n\t\t\t\t\t\t\t\t\t<h3 class=\"elementor-icon-box-title\">\n\t\t\t\t\t\t<span  >\n\t\t\t\t\t\t\tCorreos Electr\u00f3nicos\t\t\t\t\t\t<\/span>\n\t\t\t\t\t<\/h3>\n\t\t\t\t\n\t\t\t\t\t\t\t\t\t<p class=\"elementor-icon-box-description\">\n\t\t\t\t\t\tinfo@bmcargomex.com <br>\noperacionesmexico@bmcargo.com\n\t\t\t\t\t<\/p>\n\t\t\t\t\n\t\t\t<\/div>\n\t\t\t\n\t\t<\/div>\n\t\t\t\t\t\t<\/div>\n\t\t\t\t<\/div>\n\t\t\t\t\t<\/div>\n\t\t<\/div>\n\t\t\t\t\t<\/div>\n\t\t<\/section>\n\t\t\t\t\t<\/div>\n\t\t<\/div>\n\t\t\t\t<div class=\"elementor-column elementor-col-33 elementor-top-column elementor-element elementor-element-df72603\" data-id=\"df72603\" data-element_type=\"column\" data-e-type=\"column\">\n\t\t\t<div class=\"elementor-widget-wrap elementor-element-populated\">\n\t\t\t\t\t\t<section class=\"elementor-section elementor-inner-section elementor-element elementor-element-45e3995 elementor-section-full_width elementor-section-height-default elementor-section-height-default\" data-id=\"45e3995\" data-element_type=\"section\" data-e-type=\"section\" data-settings=\"{&quot;background_background&quot;:&quot;classic&quot;}\">\n\t\t\t\t\t\t<div class=\"elementor-container elementor-column-gap-default\">\n\t\t\t\t\t<div class=\"elementor-column elementor-col-100 elementor-inner-column elementor-element elementor-element-fe8466c\" data-id=\"fe8466c\" data-element_type=\"column\" data-e-type=\"column\">\n\t\t\t<div class=\"elementor-widget-wrap elementor-element-populated\">\n\t\t\t\t\t\t<div class=\"elementor-element elementor-element-ce310ce elementor-view-framed elementor-position-inline-start elementor-shape-circle elementor-mobile-position-block-start elementor-widget elementor-widget-icon-box\" data-id=\"ce310ce\" data-element_type=\"widget\" data-e-type=\"widget\" data-widget_type=\"icon-box.default\">\n\t\t\t\t<div class=\"elementor-widget-container\">\n\t\t\t\t\t\t\t<div class=\"elementor-icon-box-wrapper\">\n\n\t\t\t\t\t\t<div class=\"elementor-icon-box-icon\">\n\t\t\t\t<span  class=\"elementor-icon\">\n\t\t\t\t<svg aria-hidden=\"true\" class=\"e-font-icon-svg e-fas-phone\" viewBox=\"0 0 512 512\" xmlns=\"http:\/\/www.w3.org\/2000\/svg\"><path d=\"M493.4 24.6l-104-24c-11.3-2.6-22.9 3.3-27.5 13.9l-48 112c-4.2 9.8-1.4 21.3 6.9 28l60.6 49.6c-36 76.7-98.9 140.5-177.2 177.2l-49.6-60.6c-6.8-8.3-18.2-11.1-28-6.9l-112 48C3.9 366.5-2 378.1.6 389.4l24 104C27.1 504.2 36.7 512 48 512c256.1 0 464-207.5 464-464 0-11.2-7.7-20.9-18.6-23.4z\"><\/path><\/svg>\t\t\t\t<\/span>\n\t\t\t<\/div>\n\t\t\t\n\t\t\t\t\t\t<div class=\"elementor-icon-box-content\">\n\n\t\t\t\t\t\t\t\t\t<h3 class=\"elementor-icon-box-title\">\n\t\t\t\t\t\t<span  >\n\t\t\t\t\t\t\tTel\u00e9fonos\t\t\t\t\t\t<\/span>\n\t\t\t\t\t<\/h3>\n\t\t\t\t\n\t\t\t\t\t\t\t\t\t<p class=\"elementor-icon-box-description\">\n\t\t\t\t\t\t+33 2400 7221<br>\n+52 33 1110  9429\t\t\t\t\t<\/p>\n\t\t\t\t\n\t\t\t<\/div>\n\t\t\t\n\t\t<\/div>\n\t\t\t\t\t\t<\/div>\n\t\t\t\t<\/div>\n\t\t\t\t\t<\/div>\n\t\t<\/div>\n\t\t\t\t\t<\/div>\n\t\t<\/section>\n\t\t\t\t\t<\/div>\n\t\t<\/div>\n\t\t\t\t<div class=\"elementor-column elementor-col-33 elementor-top-column elementor-element elementor-element-332669c\" data-id=\"332669c\" data-element_type=\"column\" data-e-type=\"column\">\n\t\t\t<div class=\"elementor-widget-wrap elementor-element-populated\">\n\t\t\t\t\t\t<section class=\"elementor-section elementor-inner-section elementor-element elementor-element-7b46e19 elementor-section-full_width elementor-section-height-default elementor-section-height-default\" data-id=\"7b46e19\" data-element_type=\"section\" data-e-type=\"section\" data-settings=\"{&quot;background_background&quot;:&quot;classic&quot;}\">\n\t\t\t\t\t\t<div class=\"elementor-container elementor-column-gap-default\">\n\t\t\t\t\t<div class=\"elementor-column elementor-col-100 elementor-inner-column elementor-element elementor-element-68c2f44\" data-id=\"68c2f44\" data-element_type=\"column\" data-e-type=\"column\">\n\t\t\t<div class=\"elementor-widget-wrap elementor-element-populated\">\n\t\t\t\t\t\t<div class=\"elementor-element elementor-element-f224d1d elementor-view-framed elementor-position-inline-start elementor-shape-circle elementor-mobile-position-block-start elementor-widget elementor-widget-icon-box\" data-id=\"f224d1d\" data-element_type=\"widget\" data-e-type=\"widget\" data-widget_type=\"icon-box.default\">\n\t\t\t\t<div class=\"elementor-widget-container\">\n\t\t\t\t\t\t\t<div class=\"elementor-icon-box-wrapper\">\n\n\t\t\t\t\t\t<div class=\"elementor-icon-box-icon\">\n\t\t\t\t<span  class=\"elementor-icon\">\n\t\t\t\t<svg aria-hidden=\"true\" class=\"e-font-icon-svg e-fas-map-marker-alt\" viewBox=\"0 0 384 512\" xmlns=\"http:\/\/www.w3.org\/2000\/svg\"><path d=\"M172.268 501.67C26.97 291.031 0 269.413 0 192 0 85.961 85.961 0 192 0s192 85.961 192 192c0 77.413-26.97 99.031-172.268 309.67-9.535 13.774-29.93 13.773-39.464 0zM192 272c44.183 0 80-35.817 80-80s-35.817-80-80-80-80 35.817-80 80 35.817 80 80 80z\"><\/path><\/svg>\t\t\t\t<\/span>\n\t\t\t<\/div>\n\t\t\t\n\t\t\t\t\t\t<div class=\"elementor-icon-box-content\">\n\n\t\t\t\t\t\t\t\t\t<h3 class=\"elementor-icon-box-title\">\n\t\t\t\t\t\t<span  >\n\t\t\t\t\t\t\tDirecci\u00f3n\t\t\t\t\t\t<\/span>\n\t\t\t\t\t<\/h3>\n\t\t\t\t\n\t\t\t\t\t\t\t\t\t<p class=\"elementor-icon-box-description\">\n\t\t\t\t\t\tAv. Union 434 Col Lafayette, <br>Guadalajara, Jalisco 44150\t\t\t\t\t<\/p>\n\t\t\t\t\n\t\t\t<\/div>\n\t\t\t\n\t\t<\/div>\n\t\t\t\t\t\t<\/div>\n\t\t\t\t<\/div>\n\t\t\t\t\t<\/div>\n\t\t<\/div>\n\t\t\t\t\t<\/div>\n\t\t<\/section>\n\t\t\t\t\t<\/div>\n\t\t<\/div>\n\t\t\t\t\t<\/div>\n\t\t<\/section>\n\t\t\t\t<section class=\"elementor-section elementor-top-section elementor-element elementor-element-53971cb elementor-section-boxed elementor-section-height-default elementor-section-height-default\" data-id=\"53971cb\" data-element_type=\"section\" data-e-type=\"section\">\n\t\t\t\t\t\t<div class=\"elementor-container elementor-column-gap-default\">\n\t\t\t\t\t<div class=\"elementor-column elementor-col-100 elementor-top-column elementor-element elementor-element-43df43e\" data-id=\"43df43e\" data-element_type=\"column\" data-e-type=\"column\">\n\t\t\t<div class=\"elementor-widget-wrap elementor-element-populated\">\n\t\t\t\t\t\t<section class=\"elementor-section elementor-inner-section elementor-element elementor-element-32e3044 elementor-section-full_width elementor-section-height-default elementor-section-height-default\" data-id=\"32e3044\" data-element_type=\"section\" data-e-type=\"section\">\n\t\t\t\t\t\t<div class=\"elementor-container elementor-column-gap-no\">\n\t\t\t\t\t<div class=\"elementor-column elementor-col-100 elementor-inner-column elementor-element elementor-element-48ab6e7\" data-id=\"48ab6e7\" data-element_type=\"column\" data-e-type=\"column\">\n\t\t\t<div class=\"elementor-widget-wrap elementor-element-populated\">\n\t\t\t\t\t\t<div class=\"elementor-element elementor-element-dd79496 elementor-widget elementor-widget-heading\" data-id=\"dd79496\" data-element_type=\"widget\" data-e-type=\"widget\" data-widget_type=\"heading.default\">\n\t\t\t\t<div class=\"elementor-widget-container\">\n\t\t\t\t\t<h2 class=\"elementor-heading-title elementor-size-default\">Ubicaciones<\/h2>\t\t\t\t<\/div>\n\t\t\t\t<\/div>\n\t\t\t\t\t<\/div>\n\t\t<\/div>\n\t\t\t\t\t<\/div>\n\t\t<\/section>\n\t\t\t\t<section class=\"elementor-section elementor-inner-section elementor-element elementor-element-1e9703c elementor-section-full_width elementor-section-height-default elementor-section-height-default\" data-id=\"1e9703c\" data-element_type=\"section\" data-e-type=\"section\">\n\t\t\t\t\t\t<div class=\"elementor-container elementor-column-gap-no\">\n\t\t\t\t\t<div class=\"elementor-column elementor-col-100 elementor-inner-column elementor-element elementor-element-7c18bb7\" data-id=\"7c18bb7\" data-element_type=\"column\" data-e-type=\"column\">\n\t\t\t<div class=\"elementor-widget-wrap elementor-element-populated\">\n\t\t\t\t\t\t<div class=\"elementor-element elementor-element-637efa0 elementor-widget elementor-widget-modina_our_branches\" data-id=\"637efa0\" data-element_type=\"widget\" data-e-type=\"widget\" data-widget_type=\"modina_our_branches.default\">\n\t\t\t\t<div class=\"elementor-widget-container\">\n\t\t\t\t\t    \r\n            <div class=\"row\">\r\n                    <div class=\"col-lg-4 col-md-6 col-12\">\r\n                <div class=\"single-branch-card\">\r\n                                        <div class=\"country-flag bg-cover bg-center\" style=\"background-image: url('https:\/\/bmcargomex.com\/wp-content\/uploads\/2024\/11\/Flag_of_Mexico.svg.png')\"><\/div>\r\n                                        <div class=\"content\">\r\n                        <h4>M\u00e9xico<\/h4>\r\n                        <p>Av. Union 434 Col Lafayette, Guadalajara, Jalisco 44150<\/p>\r\n                        <p>+33 24007221<\/p>\r\n                        <p><a href=\"mailto:operaciones@bmcargomex.com\">operaciones@bmcargomex.com<\/a><\/p>\r\n\r\n                                            <\/div>\r\n                <\/div>\r\n            <\/div>\r\n                        <div class=\"col-lg-4 col-md-6 col-12\">\r\n                <div class=\"single-branch-card\">\r\n                                        <div class=\"country-flag bg-cover bg-center\" style=\"background-image: url('https:\/\/bmcargomex.com\/wp-content\/uploads\/2024\/11\/Flag_of_the_United_States.svg.png')\"><\/div>\r\n                                        <div class=\"content\">\r\n                        <h4>Estados Unidos<\/h4>\r\n                        <p>8400 NW 25TH ST SUITE 100\nDORAL, FL 33198-1534<\/p>\r\n                        <p>+1305-593-5383<\/p>\r\n                        <p><a href=\"mailto:miami@bmcargo.com\">miami@bmcargo.com<\/a><\/p>\r\n\r\n                                            <\/div>\r\n                <\/div>\r\n            <\/div>\r\n                        <div class=\"col-lg-4 col-md-6 col-12\">\r\n                <div class=\"single-branch-card\">\r\n                                        <div class=\"country-flag bg-cover bg-center\" style=\"background-image: url('https:\/\/bmcargomex.com\/wp-content\/uploads\/2024\/11\/Flag_of_the_Dominican_Republic.svg.png')\"><\/div>\r\n                                        <div class=\"content\">\r\n                        <h4>Republica Dominicana<\/h4>\r\n                        <p>Av. Abraham Lincoln No. 1009 Piantini, Santo Domingo<\/p>\r\n                        <p>+809-683-1919<\/p>\r\n                        <p><a href=\"mailto:servicioalcliente@bmcargo.com\">servicioalcliente@bmcargo.com<\/a><\/p>\r\n\r\n                                                <div class=\"branch-links\">\r\n                            <a href=\"https:\/\/www.bmcargo.com\/sucursales\" target=\"_blank\" rel=\"nofollow\">Sucursales <i class=\"far fa-long-arrow-right\"><\/i><\/a>\r\n                        <\/div>\r\n                                            <\/div>\r\n                <\/div>\r\n            <\/div>\r\n                        <div class=\"col-lg-4 col-md-6 col-12\">\r\n                <div class=\"single-branch-card\">\r\n                                        <div class=\"country-flag bg-cover bg-center\" style=\"background-image: url('https:\/\/bmcargomex.com\/wp-content\/uploads\/2024\/11\/New-Flag-of-the-President-of-Colombia.svg.png')\"><\/div>\r\n                                        <div class=\"content\">\r\n                        <h4>Colombia<\/h4>\r\n                        <p>Carrera 46 # 93-45, La Castellana<\/p>\r\n                        <p>+57 (601) 482 4764<\/p>\r\n                        <p><a href=\"mailto:colombia@bmcargo.com.co\">colombia@bmcargo.com.co<\/a><\/p>\r\n\r\n                                            <\/div>\r\n                <\/div>\r\n            <\/div>\r\n                        <div class=\"col-lg-4 col-md-6 col-12\">\r\n                <div class=\"single-branch-card\">\r\n                                        <div class=\"country-flag bg-cover bg-center\" style=\"background-image: url('https:\/\/bmcargomex.com\/wp-content\/uploads\/2024\/11\/Flag_of_Costa_Rica_state.svg.png')\"><\/div>\r\n                                        <div class=\"content\">\r\n                        <h4>Costa Rica<\/h4>\r\n                        <p>Edificio Meridiano, Escaz\u00fa, San Jos\u00e9, Costa Rica<\/p>\r\n                        <p>506-72983000 | 506-60804502<\/p>\r\n                        <p><a href=\"mailto:ventascr@bmcargo.com\">ventascr@bmcargo.com<\/a><\/p>\r\n\r\n                                            <\/div>\r\n                <\/div>\r\n            <\/div>\r\n                        <div class=\"col-lg-4 col-md-6 col-12\">\r\n                <div class=\"single-branch-card\">\r\n                                        <div class=\"country-flag bg-cover bg-center\" style=\"background-image: url('https:\/\/bmcargomex.com\/wp-content\/uploads\/2024\/11\/Flag_of_Panama.svg.png')\"><\/div>\r\n                                        <div class=\"content\">\r\n                        <h4>Panam\u00e1<\/h4>\r\n                        <p>Plaza oficentro del este, local nro 12, costa del este, ciudad de Panam\u00e1.<\/p>\r\n                        <p>+507 396-2596<\/p>\r\n                        <p><a href=\"mailto:informacionpanama@bmcargo.com\">informacionpanama@bmcargo.com<\/a><\/p>\r\n\r\n                                            <\/div>\r\n                <\/div>\r\n            <\/div>\r\n                    <\/div>\r\n    \t\t\t\t<\/div>\n\t\t\t\t<\/div>\n\t\t\t\t\t<\/div>\n\t\t<\/div>\n\t\t\t\t\t<\/div>\n\t\t<\/section>\n\t\t\t\t\t<\/div>\n\t\t<\/div>\n\t\t\t\t\t<\/div>\n\t\t<\/section>\n\t\t\t\t<section class=\"elementor-section elementor-top-section elementor-element elementor-element-667ed59 elementor-section-full_width elementor-section-height-default elementor-section-height-default\" data-id=\"667ed59\" data-element_type=\"section\" data-e-type=\"section\">\n\t\t\t\t\t\t<div class=\"elementor-container elementor-column-gap-default\">\n\t\t\t\t\t<div class=\"elementor-column elementor-col-100 elementor-top-column elementor-element elementor-element-8563105\" data-id=\"8563105\" data-element_type=\"column\" data-e-type=\"column\">\n\t\t\t<div class=\"elementor-widget-wrap elementor-element-populated\">\n\t\t\t\t\t\t<div class=\"elementor-element elementor-element-d853e67 elementor-widget elementor-widget-html\" data-id=\"d853e67\" data-element_type=\"widget\" data-e-type=\"widget\" data-widget_type=\"html.default\">\n\t\t\t\t<div class=\"elementor-widget-container\">\n\t\t\t\t\t<div class=\"office-google-map-wrapper wow fadeInUp\">\r\n            <iframe src=\"https:\/\/www.google.com\/maps\/embed?pb=!1m18!1m12!1m3!1d6678.7619084840835!2d144.9618311901502!3d-37.81450084255415!2m3!1f0!2f0!3f0!3m2!1i1024!2i768!4f13.1!3m3!1m2!1s0x6ad642b4758afc1d%3A0x3119cc820fdfc62e!2sEnvato!5e0!3m2!1sen!2sbd!4v1641984054261!5m2!1sen!2sbd\" style=\"border:0;\" allowfullscreen=\"\" loading=\"lazy\"><\/iframe>\r\n        <\/div>\t\t\t\t<\/div>\n\t\t\t\t<\/div>\n\t\t\t\t\t<\/div>\n\t\t<\/div>\n\t\t\t\t\t<\/div>\n\t\t<\/section>\n\t\t\t\t<\/div>\n\t\t","protected":false},"excerpt":{"rendered":"<p>&nbsp; Correos Electr\u00f3nicos info@bmcargomex.com operacionesmexico@bmcargo.com &nbsp; Tel\u00e9fonos +33 2400 7221 +52 33 1110 9429 &nbsp; Direcci\u00f3n Av. Union 434 Col Lafayette, Guadalajara, Jalisco 44150 Ubicaciones M\u00e9xico Av. Union 434 Col Lafayette, Guadalajara, Jalisco 44150 +33 24007221 operaciones@bmcargomex.com Estados Unidos 8400 NW 25TH ST SUITE 100 DORAL, FL 33198-1534 +1305-593-5383 miami@bmcargo.com Republica Dominicana Av. Abraham Lincoln [&hellip;]<\/p>\n","protected":false},"author":1,"featured_media":0,"parent":0,"menu_order":0,"comment_status":"closed","ping_status":"closed","template":"elementor_header_footer","meta":{"_acf_changed":false,"_monsterinsights_skip_tracking":false,"_monsterinsights_sitenote_active":false,"_monsterinsights_sitenote_note":"","_monsterinsights_sitenote_category":0,"footnotes":""},"class_list":["post-3380","page","type-page","status-publish","hentry"],"acf":[],"aioseo_notices":[],"_links":{"self":[{"href":"https:\/\/bmcargomex.com\/index.php?rest_route=\/wp\/v2\/pages\/3380","targetHints":{"allow":["GET"]}}],"collection":[{"href":"https:\/\/bmcargomex.com\/index.php?rest_route=\/wp\/v2\/pages"}],"about":[{"href":"https:\/\/bmcargomex.com\/index.php?rest_route=\/wp\/v2\/types\/page"}],"author":[{"embeddable":true,"href":"https:\/\/bmcargomex.com\/index.php?rest_route=\/wp\/v2\/users\/1"}],"replies":[{"embeddable":true,"href":"https:\/\/bmcargomex.com\/index.php?rest_route=%2Fwp%2Fv2%2Fcomments&post=3380"}],"version-history":[{"count":8,"href":"https:\/\/bmcargomex.com\/index.php?rest_route=\/wp\/v2\/pages\/3380\/revisions"}],"predecessor-version":[{"id":3389,"href":"https:\/\/bmcargomex.com\/index.php?rest_route=\/wp\/v2\/pages\/3380\/revisions\/3389"}],"wp:attachment":[{"href":"https:\/\/bmcargomex.com\/index.php?rest_route=%2Fwp%2Fv2%2Fmedia&parent=3380"}],"curies":[{"name":"wp","href":"https:\/\/api.w.org\/{rel}","templated":true}]}}